{"id":111,"date":"2022-05-02T16:36:25","date_gmt":"2022-05-02T14:36:25","guid":{"rendered":"http:\/\/schneckenweine.at\/?page_id=111"},"modified":"2022-05-25T16:36:52","modified_gmt":"2022-05-25T14:36:52","slug":"impressum","status":"publish","type":"page","link":"https:\/\/schneckenweine.at\/?page_id=111","title":{"rendered":"Impressum"},"content":{"rendered":"\t\t<div data-elementor-type=\"wp-page\" data-elementor-id=\"111\" class=\"elementor elementor-111\" data-elementor-post-type=\"page\">\n\t\t\t\t\t\t<section class=\"elementor-section elementor-top-section elementor-element elementor-element-043a527 elementor-section-height-min-height elementor-section-items-top elementor-section-content-top elementor-section-boxed elementor-section-height-default\" data-id=\"043a527\" data-element_type=\"section\" data-e-type=\"section\">\n\t\t\t\t\t\t<div class=\"elementor-container elementor-column-gap-default\">\n\t\t\t\t\t<div class=\"elementor-column elementor-col-100 elementor-top-column elementor-element elementor-element-cac01fe\" data-id=\"cac01fe\" data-element_type=\"column\" data-e-type=\"column\">\n\t\t\t<div class=\"elementor-widget-wrap elementor-element-populated\">\n\t\t\t\t\t\t<div class=\"elementor-element elementor-element-4322512 elementor-widget elementor-widget-heading\" data-id=\"4322512\" data-element_type=\"widget\" data-e-type=\"widget\" data-widget_type=\"heading.default\">\n\t\t\t\t<div class=\"elementor-widget-container\">\n\t\t\t\t\t<h2 class=\"elementor-heading-title elementor-size-default\">Impressum<\/h2>\t\t\t\t<\/div>\n\t\t\t\t<\/div>\n\t\t\t\t<div class=\"elementor-element elementor-element-c835316 elementor-widget elementor-widget-text-editor\" data-id=\"c835316\" data-element_type=\"widget\" data-e-type=\"widget\" data-widget_type=\"text-editor.default\">\n\t\t\t\t<div class=\"elementor-widget-container\">\n\t\t\t\t\t\t\t\t\t<p style=\"text-align: center;\"><strong>Oktopus Handelshaus GmbH<\/strong><\/p><p style=\"text-align: center;\">Hauptstra\u00dfe 26<br \/>2102 Flandorf<\/p><p style=\"text-align: center;\"><a href=\"mailto:info@oktopus.gmbh\">info@oktopus.gmbh<\/a><\/p>\t\t\t\t\t\t\t\t<\/div>\n\t\t\t\t<\/div>\n\t\t\t\t\t<\/div>\n\t\t<\/div>\n\t\t\t\t\t<\/div>\n\t\t<\/section>\n\t\t\t\t<section class=\"elementor-section elementor-top-section elementor-element elementor-element-e01c8b0 elementor-section-boxed elementor-section-height-default elementor-section-height-default\" data-id=\"e01c8b0\" data-element_type=\"section\" data-e-type=\"section\">\n\t\t\t\t\t\t<div class=\"elementor-container elementor-column-gap-default\">\n\t\t\t\t\t<div class=\"elementor-column elementor-col-50 elementor-top-column elementor-element elementor-element-cb10dff\" data-id=\"cb10dff\" data-element_type=\"column\" data-e-type=\"column\">\n\t\t\t<div class=\"elementor-widget-wrap elementor-element-populated\">\n\t\t\t\t\t\t<div class=\"elementor-element elementor-element-59fd711 elementor-widget elementor-widget-text-editor\" data-id=\"59fd711\" data-element_type=\"widget\" data-e-type=\"widget\" data-widget_type=\"text-editor.default\">\n\t\t\t\t<div class=\"elementor-widget-container\">\n\t\t\t\t\t\t\t\t\t<p style=\"text-align: center;\"><span style=\"color: #333333;\"><b>Firmenbuchnummer:<br \/><\/b>FN 530795 g<\/span><\/p><p style=\"text-align: center;\"><span style=\"color: #333333;\"><b>UID-Nummer:<br \/><\/b>ATU75388046<\/span><\/p><p style=\"text-align: center;\"><span style=\"color: #333333;\"><b>T\u00e4tigkeitsbeschreibung:<br \/><\/b>Handel mit Waren aller Art<\/span><\/p><p style=\"text-align: center;\"><span style=\"color: #333333;\"><b>Gesch\u00e4ftsf\u00fchrer:<\/b><\/span><br \/><span style=\"color: #333333;\">Florian Koller<\/span><\/p><p style=\"text-align: center;\"><span style=\"color: #333333;\"><b>Gesellschafter:<\/b><\/span><br \/><span style=\"color: #333333;\">Florian Koller<\/span><\/p>\t\t\t\t\t\t\t\t<\/div>\n\t\t\t\t<\/div>\n\t\t\t\t\t<\/div>\n\t\t<\/div>\n\t\t\t\t<div class=\"elementor-column elementor-col-50 elementor-top-column elementor-element elementor-element-b5dad9a\" data-id=\"b5dad9a\" data-element_type=\"column\" data-e-type=\"column\">\n\t\t\t<div class=\"elementor-widget-wrap elementor-element-populated\">\n\t\t\t\t\t\t<div class=\"elementor-element elementor-element-fe943bb elementor-widget elementor-widget-text-editor\" data-id=\"fe943bb\" data-element_type=\"widget\" data-e-type=\"widget\" data-widget_type=\"text-editor.default\">\n\t\t\t\t<div class=\"elementor-widget-container\">\n\t\t\t\t\t\t\t\t\t<p style=\"text-align: center;\"><span style=\"color: #000000;\"><b>Firmenbuchgericht:<\/b><\/span><br \/><span style=\"color: #000000;\">Landesgericht Korneuburg<\/span><\/p><p style=\"text-align: center;\"><span style=\"color: #000000;\"><b>Mitgliedschaften Wirtschaftskammerorganisation<\/b><b>:<\/b><\/span><br \/><span style=\"color: #000000;\">WK N\u00d6<\/span><\/p><p style=\"text-align: center;\"><span style=\"color: #000000;\"><b>Aufsichtsbeh\u00f6rde\/Gewerbebeh\u00f6rde:<\/b><\/span><br \/><span style=\"color: #000000;\">BH Korneuburg, Gewerbereferat 2100 Korneuburg, Bankmannring 5<\/span><\/p><p style=\"text-align: center;\"><span style=\"color: #000000;\"><b>Bankverbindung:<\/b><\/span><br \/><span style=\"color: #000000;\">Raiffeisenbank Hollabrunn<\/span><br \/><span style=\"color: #000000;\">IBAN 233232200000032300<\/span><\/p>\t\t\t\t\t\t\t\t<\/div>\n\t\t\t\t<\/div>\n\t\t\t\t\t<\/div>\n\t\t<\/div>\n\t\t\t\t\t<\/div>\n\t\t<\/section>\n\t\t\t\t<section class=\"elementor-section elementor-top-section elementor-element elementor-element-54e54d3 elementor-section-boxed elementor-section-height-default elementor-section-height-default\" data-id=\"54e54d3\" data-element_type=\"section\" data-e-type=\"section\">\n\t\t\t\t\t\t<div class=\"elementor-container elementor-column-gap-default\">\n\t\t\t\t\t<div class=\"elementor-column elementor-col-100 elementor-top-column elementor-element elementor-element-23c2560\" data-id=\"23c2560\" data-element_type=\"column\" data-e-type=\"column\">\n\t\t\t<div class=\"elementor-widget-wrap elementor-element-populated\">\n\t\t\t\t\t\t<div class=\"elementor-element elementor-element-db180f1 elementor-widget elementor-widget-text-editor\" data-id=\"db180f1\" data-element_type=\"widget\" data-e-type=\"widget\" data-widget_type=\"text-editor.default\">\n\t\t\t\t<div class=\"elementor-widget-container\">\n\t\t\t\t\t\t\t\t\t<h6 style=\"text-align: center;\"><strong><span style=\"color: #333333;\">Haftung f\u00fcr Inhalte<\/span><\/strong><\/h6><p style=\"text-align: center;\"><span style=\"color: #333333;\">Als Diensteanbieter sind wir gem\u00e4\u00df \u00a7 7 Abs.1 TMG f\u00fcr eigene Inhalte auf diesen Seiten nach den allgemeinen Gesetzen verantwortlich. Nach \u00a7\u00a7 8 bis 10 TMG sind wir als Diensteanbieter jedoch nicht verpflichtet, \u00fcbermittelte oder gespeicherte fremde Informationen zu \u00fcberwachen oder nach Umst\u00e4nden zu forschen, die auf eine rechtswidrige T\u00e4tigkeit hinweisen.\u00a0<\/span><\/p><p style=\"text-align: center;\"><span style=\"color: #333333;\">Verpflichtungen zur Entfernung oder Sperrung der Nutzung von Informationen nach den allgemeinen Gesetzen bleiben hiervon unber\u00fchrt. Eine diesbez\u00fcgliche Haftung ist jedoch erst ab dem Zeitpunkt der Kenntnis einer konkreten Rechtsverletzung m\u00f6glich. Bei Bekanntwerden von entsprechenden Rechtsverletzungen werden wir diese Inhalte umgehend entfernen.\u00a0<\/span><\/p><p style=\"text-align: center;\"><span style=\"color: #333333;\">Unser Angebot enth\u00e4lt Links zu externen Websites Dritter, auf deren Inhalte wir keinen Einfluss haben. Deshalb k\u00f6nnen wir f\u00fcr diese fremden Inhalte auch keine Gew\u00e4hr \u00fcbernehmen. F\u00fcr die Inhalte der verlinkten Seiten ist stets der jeweilige Anbieter oder Betreiber der Seiten verantwortlich. Die verlinkten Seiten wurden zum Zeitpunkt der Verlinkung auf m\u00f6gliche Rechtsverst\u00f6\u00dfe \u00fcberpr\u00fcft. Rechtswidrige Inhalte waren zum Zeitpunkt der Verlinkung nicht erkennbar.\u00a0<\/span><\/p><p style=\"text-align: center;\"><span style=\"color: #333333;\">Eine permanente inhaltliche Kontrolle der verlinkten Seiten ist jedoch ohne konkrete Anhaltspunkte einer Rechtsverletzung nicht zumutbar. Bei Bekanntwerden von Rechtsverletzungen werden wir derartige Links umgehend entfernen.\u00a0<\/span><\/p>\t\t\t\t\t\t\t\t<\/div>\n\t\t\t\t<\/div>\n\t\t\t\t\t<\/div>\n\t\t<\/div>\n\t\t\t\t\t<\/div>\n\t\t<\/section>\n\t\t\t\t<\/div>\n\t\t","protected":false},"excerpt":{"rendered":"<p>Impressum Oktopus Handelshaus GmbH Hauptstra\u00dfe 262102 Flandorf info@oktopus.gmbh Firmenbuchnummer:FN 530795 g UID-Nummer:ATU75388046 T\u00e4tigkeitsbeschreibung:Handel mit Waren aller Art Gesch\u00e4ftsf\u00fchrer:Florian Koller Gesellschafter:Florian Koller Firmenbuchgericht:Landesgericht Korneuburg Mitgliedschaften Wirtschaftskammerorganisation:WK N\u00d6 Aufsichtsbeh\u00f6rde\/Gewerbebeh\u00f6rde:BH Korneuburg, Gewerbereferat 2100 Korneuburg, Bankmannring 5 Bankverbindung:Raiffeisenbank HollabrunnIBAN 233232200000032300 Haftung f\u00fcr Inhalte Als Diensteanbieter sind wir gem\u00e4\u00df \u00a7 7 Abs.1 TMG f\u00fcr eigene Inhalte auf diesen Seiten nach [&hellip;]<\/p>\n","protected":false},"author":2,"featured_media":0,"parent":25,"menu_order":0,"comment_status":"closed","ping_status":"closed","template":"elementor_header_footer","meta":{"footnotes":""},"class_list":["post-111","page","type-page","status-publish","hentry"],"yoast_head":"<!-- This site is optimized with the Yoast SEO plugin v27.4 - https:\/\/yoast.com\/product\/yoast-seo-wordpress\/ -->\n<title>Impressum - Schneckenweine<\/title>\n<meta name=\"robots\" content=\"index, follow, max-snippet:-1, max-image-preview:large, max-video-preview:-1\" \/>\n<link rel=\"canonical\" href=\"https:\/\/schneckenweine.at\/?page_id=111\" \/>\n<meta property=\"og:locale\" content=\"de_DE\" \/>\n<meta property=\"og:type\" content=\"article\" \/>\n<meta property=\"og:title\" content=\"Impressum - Schneckenweine\" \/>\n<meta property=\"og:description\" content=\"Impressum Oktopus Handelshaus GmbH Hauptstra\u00dfe 262102 Flandorf info@oktopus.gmbh Firmenbuchnummer:FN 530795 g UID-Nummer:ATU75388046 T\u00e4tigkeitsbeschreibung:Handel mit Waren aller Art Gesch\u00e4ftsf\u00fchrer:Florian Koller Gesellschafter:Florian Koller Firmenbuchgericht:Landesgericht Korneuburg Mitgliedschaften Wirtschaftskammerorganisation:WK N\u00d6 Aufsichtsbeh\u00f6rde\/Gewerbebeh\u00f6rde:BH Korneuburg, Gewerbereferat 2100 Korneuburg, Bankmannring 5 Bankverbindung:Raiffeisenbank HollabrunnIBAN 233232200000032300 Haftung f\u00fcr Inhalte Als Diensteanbieter sind wir gem\u00e4\u00df \u00a7 7 Abs.1 TMG f\u00fcr eigene Inhalte auf diesen Seiten nach [&hellip;]\" \/>\n<meta property=\"og:url\" content=\"https:\/\/schneckenweine.at\/?page_id=111\" \/>\n<meta property=\"og:site_name\" content=\"Schneckenweine\" \/>\n<meta property=\"article:modified_time\" content=\"2022-05-25T14:36:52+00:00\" \/>\n<meta name=\"twitter:card\" content=\"summary_large_image\" \/>\n<meta name=\"twitter:label1\" content=\"Gesch\u00e4tzte Lesezeit\" \/>\n\t<meta name=\"twitter:data1\" content=\"2\u00a0Minuten\" \/>\n<script type=\"application\/ld+json\" class=\"yoast-schema-graph\">{\"@context\":\"https:\\\/\\\/schema.org\",\"@graph\":[{\"@type\":\"WebPage\",\"@id\":\"https:\\\/\\\/schneckenweine.at\\\/?page_id=111\",\"url\":\"https:\\\/\\\/schneckenweine.at\\\/?page_id=111\",\"name\":\"Impressum - Schneckenweine\",\"isPartOf\":{\"@id\":\"https:\\\/\\\/schneckenweine.at\\\/#website\"},\"datePublished\":\"2022-05-02T14:36:25+00:00\",\"dateModified\":\"2022-05-25T14:36:52+00:00\",\"breadcrumb\":{\"@id\":\"https:\\\/\\\/schneckenweine.at\\\/?page_id=111#breadcrumb\"},\"inLanguage\":\"de\",\"potentialAction\":[{\"@type\":\"ReadAction\",\"target\":[\"https:\\\/\\\/schneckenweine.at\\\/?page_id=111\"]}]},{\"@type\":\"BreadcrumbList\",\"@id\":\"https:\\\/\\\/schneckenweine.at\\\/?page_id=111#breadcrumb\",\"itemListElement\":[{\"@type\":\"ListItem\",\"position\":1,\"name\":\"Startseite\",\"item\":\"https:\\\/\\\/schneckenweine.at\\\/\"},{\"@type\":\"ListItem\",\"position\":2,\"name\":\"Startseite\",\"item\":\"https:\\\/\\\/schneckenweine.at\\\/\"},{\"@type\":\"ListItem\",\"position\":3,\"name\":\"Impressum\"}]},{\"@type\":\"WebSite\",\"@id\":\"https:\\\/\\\/schneckenweine.at\\\/#website\",\"url\":\"https:\\\/\\\/schneckenweine.at\\\/\",\"name\":\"Schneckenweine\",\"description\":\"Franziskas junge Weinvielfalt\",\"potentialAction\":[{\"@type\":\"SearchAction\",\"target\":{\"@type\":\"EntryPoint\",\"urlTemplate\":\"https:\\\/\\\/schneckenweine.at\\\/?s={search_term_string}\"},\"query-input\":{\"@type\":\"PropertyValueSpecification\",\"valueRequired\":true,\"valueName\":\"search_term_string\"}}],\"inLanguage\":\"de\"}]}<\/script>\n<!-- \/ Yoast SEO plugin. -->","yoast_head_json":{"title":"Impressum - Schneckenweine","robots":{"index":"index","follow":"follow","max-snippet":"max-snippet:-1","max-image-preview":"max-image-preview:large","max-video-preview":"max-video-preview:-1"},"canonical":"https:\/\/schneckenweine.at\/?page_id=111","og_locale":"de_DE","og_type":"article","og_title":"Impressum - Schneckenweine","og_description":"Impressum Oktopus Handelshaus GmbH Hauptstra\u00dfe 262102 Flandorf info@oktopus.gmbh Firmenbuchnummer:FN 530795 g UID-Nummer:ATU75388046 T\u00e4tigkeitsbeschreibung:Handel mit Waren aller Art Gesch\u00e4ftsf\u00fchrer:Florian Koller Gesellschafter:Florian Koller Firmenbuchgericht:Landesgericht Korneuburg Mitgliedschaften Wirtschaftskammerorganisation:WK N\u00d6 Aufsichtsbeh\u00f6rde\/Gewerbebeh\u00f6rde:BH Korneuburg, Gewerbereferat 2100 Korneuburg, Bankmannring 5 Bankverbindung:Raiffeisenbank HollabrunnIBAN 233232200000032300 Haftung f\u00fcr Inhalte Als Diensteanbieter sind wir gem\u00e4\u00df \u00a7 7 Abs.1 TMG f\u00fcr eigene Inhalte auf diesen Seiten nach [&hellip;]","og_url":"https:\/\/schneckenweine.at\/?page_id=111","og_site_name":"Schneckenweine","article_modified_time":"2022-05-25T14:36:52+00:00","twitter_card":"summary_large_image","twitter_misc":{"Gesch\u00e4tzte Lesezeit":"2\u00a0Minuten"},"schema":{"@context":"https:\/\/schema.org","@graph":[{"@type":"WebPage","@id":"https:\/\/schneckenweine.at\/?page_id=111","url":"https:\/\/schneckenweine.at\/?page_id=111","name":"Impressum - Schneckenweine","isPartOf":{"@id":"https:\/\/schneckenweine.at\/#website"},"datePublished":"2022-05-02T14:36:25+00:00","dateModified":"2022-05-25T14:36:52+00:00","breadcrumb":{"@id":"https:\/\/schneckenweine.at\/?page_id=111#breadcrumb"},"inLanguage":"de","potentialAction":[{"@type":"ReadAction","target":["https:\/\/schneckenweine.at\/?page_id=111"]}]},{"@type":"BreadcrumbList","@id":"https:\/\/schneckenweine.at\/?page_id=111#breadcrumb","itemListElement":[{"@type":"ListItem","position":1,"name":"Startseite","item":"https:\/\/schneckenweine.at\/"},{"@type":"ListItem","position":2,"name":"Startseite","item":"https:\/\/schneckenweine.at\/"},{"@type":"ListItem","position":3,"name":"Impressum"}]},{"@type":"WebSite","@id":"https:\/\/schneckenweine.at\/#website","url":"https:\/\/schneckenweine.at\/","name":"Schneckenweine","description":"Franziskas junge Weinvielfalt","potentialAction":[{"@type":"SearchAction","target":{"@type":"EntryPoint","urlTemplate":"https:\/\/schneckenweine.at\/?s={search_term_string}"},"query-input":{"@type":"PropertyValueSpecification","valueRequired":true,"valueName":"search_term_string"}}],"inLanguage":"de"}]}},"_links":{"self":[{"href":"https:\/\/schneckenweine.at\/index.php?rest_route=\/wp\/v2\/pages\/111","targetHints":{"allow":["GET"]}}],"collection":[{"href":"https:\/\/schneckenweine.at\/index.php?rest_route=\/wp\/v2\/pages"}],"about":[{"href":"https:\/\/schneckenweine.at\/index.php?rest_route=\/wp\/v2\/types\/page"}],"author":[{"embeddable":true,"href":"https:\/\/schneckenweine.at\/index.php?rest_route=\/wp\/v2\/users\/2"}],"replies":[{"embeddable":true,"href":"https:\/\/schneckenweine.at\/index.php?rest_route=%2Fwp%2Fv2%2Fcomments&post=111"}],"version-history":[{"count":53,"href":"https:\/\/schneckenweine.at\/index.php?rest_route=\/wp\/v2\/pages\/111\/revisions"}],"predecessor-version":[{"id":518,"href":"https:\/\/schneckenweine.at\/index.php?rest_route=\/wp\/v2\/pages\/111\/revisions\/518"}],"up":[{"embeddable":true,"href":"https:\/\/schneckenweine.at\/index.php?rest_route=\/wp\/v2\/pages\/25"}],"wp:attachment":[{"href":"https:\/\/schneckenweine.at\/index.php?rest_route=%2Fwp%2Fv2%2Fmedia&parent=111"}],"curies":[{"name":"wp","href":"https:\/\/api.w.org\/{rel}","templated":true}]}}