{"id":120,"date":"2022-05-02T16:38:43","date_gmt":"2022-05-02T14:38:43","guid":{"rendered":"http:\/\/schneckenweine.at\/?page_id=120"},"modified":"2023-02-23T13:56:36","modified_gmt":"2023-02-23T12:56:36","slug":"datenschutz","status":"publish","type":"page","link":"https:\/\/schneckenweine.at\/?page_id=120","title":{"rendered":"Datenschutz"},"content":{"rendered":"\t\t<div data-elementor-type=\"wp-page\" data-elementor-id=\"120\" class=\"elementor elementor-120\" data-elementor-post-type=\"page\">\n\t\t\t\t\t\t<section class=\"elementor-section elementor-top-section elementor-element elementor-element-d637c76 elementor-section-height-min-height elementor-section-items-top elementor-section-content-top elementor-section-boxed elementor-section-height-default\" data-id=\"d637c76\" data-element_type=\"section\" data-e-type=\"section\">\n\t\t\t\t\t\t<div class=\"elementor-container elementor-column-gap-default\">\n\t\t\t\t\t<div class=\"elementor-column elementor-col-100 elementor-top-column elementor-element elementor-element-67e66b1\" data-id=\"67e66b1\" data-element_type=\"column\" data-e-type=\"column\">\n\t\t\t<div class=\"elementor-widget-wrap elementor-element-populated\">\n\t\t\t\t\t\t<div class=\"elementor-element elementor-element-5b9cc3a elementor-widget elementor-widget-heading\" data-id=\"5b9cc3a\" data-element_type=\"widget\" data-e-type=\"widget\" data-widget_type=\"heading.default\">\n\t\t\t\t<div class=\"elementor-widget-container\">\n\t\t\t\t\t<h2 class=\"elementor-heading-title elementor-size-default\">Datenschutz<\/h2>\t\t\t\t<\/div>\n\t\t\t\t<\/div>\n\t\t\t\t<div class=\"elementor-element elementor-element-dacd809 elementor-widget elementor-widget-text-editor\" data-id=\"dacd809\" data-element_type=\"widget\" data-e-type=\"widget\" data-widget_type=\"text-editor.default\">\n\t\t\t\t<div class=\"elementor-widget-container\">\n\t\t\t\t\t\t\t\t\t<p>Der Schutz Ihrer pers\u00f6nlichen Daten ist uns ein besonderes Anliegen. Wir verarbeiten Ihre Daten daher ausschlie\u00dflich auf Grundlage der gesetzlichen Bestimmungen (DSGVO, TKG 2003). In diesen Datenschutzinformationen informieren wir Sie \u00fcber die wichtigsten Aspekte der Datenverarbeitung im Rahmen unserer Website.<\/p><p><span style=\"color: var( --e-global-color-primary ); font-family: var( --e-global-typography-accent-font-family ), Sans-serif; font-size: var( --e-global-typography-accent-font-size ); font-weight: var( --e-global-typography-accent-font-weight ); letter-spacing: var( --e-global-typography-text-letter-spacing );\">\u00a0<\/span><\/p><p><strong><span style=\"color: var( --e-global-color-primary ); font-family: var( --e-global-typography-accent-font-family ), Sans-serif; font-size: var( --e-global-typography-accent-font-size ); letter-spacing: var( --e-global-typography-text-letter-spacing );\">Kontakt mit uns<\/span><\/strong><\/p><p>Wenn Sie per Formular auf der Website oder per E-Mail Kontakt mit uns aufnehmen, werden Ihre angegebenen Daten zwecks Bearbeitung der Anfrage und f\u00fcr den Fall von Anschlussfragen sechs Monate bei uns gespeichert. Diese Daten geben wir nicht ohne Ihre Einwilligung weiter.<\/p><p>\u00a0<\/p><p><span style=\"color: var( --e-global-color-primary ); font-family: var( --e-global-typography-accent-font-family ), Sans-serif; font-size: var( --e-global-typography-accent-font-size ); font-weight: var( --e-global-typography-accent-font-weight ); letter-spacing: var( --e-global-typography-text-letter-spacing );\"> <strong><span style=\"color: var( --e-global-color-primary ); font-family: var( --e-global-typography-accent-font-family ), Sans-serif; font-size: var( --e-global-typography-accent-font-size ); letter-spacing: var( --e-global-typography-text-letter-spacing );\">Cookies<\/span><\/strong><\/span><br \/>Wenn Sie unter 16 Jahre alt sind und Ihre Zustimmung zu freiwilligen Diensten geben m\u00f6chten, m\u00fcssen Sie Ihre Erziehungsberechtigten um Erlaubnis bitten.<br \/>Wir verwenden Cookies und andere Technologien auf unserer Website. Einige von ihnen sind essenziell, w\u00e4hrend andere uns helfen, diese Website und Ihre Erfahrung zu verbessern.<br \/>Personenbezogene Daten k\u00f6nnen verarbeitet werden (z. B. IP-Adressen), z. B. f\u00fcr personalisierte Anzeigen und Inhalte oder Anzeigen- und Inhaltsmessung.<br \/>Es besteht keine Verpflichtung, der Verarbeitung Ihrer Daten zuzustimmen, um dieses Angebot nutzen zu k\u00f6nnen.<br \/>Sie k\u00f6nnen Ihre Auswahl jederzeit unter <a class=\"_brlbs-cursor\" href=\"#\" data-cookie-individual=\"\">Einstellungen<\/a> widerrufen oder anpassen.<br \/>Bitte beachten Sie, dass aufgrund individueller Einstellungen m\u00f6glicherweise nicht alle Funktionen der Website zur Verf\u00fcgung stehen.<\/p><p>\u00a0<\/p><p><strong style=\"color: var( --e-global-color-primary ); font-family: var( --e-global-typography-accent-font-family ), Sans-serif; font-size: var( --e-global-typography-accent-font-size ); letter-spacing: var( --e-global-typography-text-letter-spacing );\">Ihre Rechte<\/strong><\/p><p>Ihnen stehen grunds\u00e4tzlich die Rechte auf Auskunft, Berichtigung, L\u00f6schung, Einschr\u00e4nkung, Daten\u00fcbertragbarkeit, Widerruf und Widerspruch zu. Wenn Sie glauben, dass die Verarbeitung Ihrer Daten gegen das Datenschutzrecht verst\u00f6\u00dft oder Ihre datenschutzrechtlichen Anspr\u00fcche sonst in einer Weise verletzt worden sind, k\u00f6nnen Sie sich bei der Aufsichtsbeh\u00f6rde beschweren. In \u00d6sterreich ist dies die Datenschutzbeh\u00f6rde.<\/p><p>\u00a0<\/p>\t\t\t\t\t\t\t\t<\/div>\n\t\t\t\t<\/div>\n\t\t\t\t\t<\/div>\n\t\t<\/div>\n\t\t\t\t\t<\/div>\n\t\t<\/section>\n\t\t\t\t<\/div>\n\t\t","protected":false},"excerpt":{"rendered":"<p>Datenschutz Der Schutz Ihrer pers\u00f6nlichen Daten ist uns ein besonderes Anliegen. Wir verarbeiten Ihre Daten daher ausschlie\u00dflich auf Grundlage der gesetzlichen Bestimmungen (DSGVO, TKG 2003). In diesen Datenschutzinformationen informieren wir Sie \u00fcber die wichtigsten Aspekte der Datenverarbeitung im Rahmen unserer Website. \u00a0 Kontakt mit uns Wenn Sie per Formular auf der Website oder per E-Mail [&hellip;]<\/p>\n","protected":false},"author":2,"featured_media":0,"parent":25,"menu_order":0,"comment_status":"closed","ping_status":"closed","template":"elementor_header_footer","meta":{"footnotes":""},"class_list":["post-120","page","type-page","status-publish","hentry"],"yoast_head":"<!-- This site is optimized with the Yoast SEO plugin v27.4 - https:\/\/yoast.com\/product\/yoast-seo-wordpress\/ -->\n<title>Datenschutz - Schneckenweine<\/title>\n<meta name=\"description\" content=\"Unsere Website verwendet Cookies.\" \/>\n<meta name=\"robots\" content=\"index, follow, max-snippet:-1, max-image-preview:large, max-video-preview:-1\" \/>\n<link rel=\"canonical\" href=\"https:\/\/schneckenweine.at\/?page_id=120\" \/>\n<meta property=\"og:locale\" content=\"de_DE\" \/>\n<meta property=\"og:type\" content=\"article\" \/>\n<meta property=\"og:title\" content=\"Datenschutz - Schneckenweine\" \/>\n<meta property=\"og:description\" content=\"Unsere Website verwendet Cookies.\" \/>\n<meta property=\"og:url\" content=\"https:\/\/schneckenweine.at\/?page_id=120\" \/>\n<meta property=\"og:site_name\" content=\"Schneckenweine\" \/>\n<meta property=\"article:modified_time\" content=\"2023-02-23T12:56:36+00:00\" \/>\n<meta name=\"twitter:card\" content=\"summary_large_image\" \/>\n<meta name=\"twitter:label1\" content=\"Gesch\u00e4tzte Lesezeit\" \/>\n\t<meta name=\"twitter:data1\" content=\"2\u00a0Minuten\" \/>\n<script type=\"application\/ld+json\" class=\"yoast-schema-graph\">{\"@context\":\"https:\\\/\\\/schema.org\",\"@graph\":[{\"@type\":\"WebPage\",\"@id\":\"https:\\\/\\\/schneckenweine.at\\\/?page_id=120\",\"url\":\"https:\\\/\\\/schneckenweine.at\\\/?page_id=120\",\"name\":\"Datenschutz - Schneckenweine\",\"isPartOf\":{\"@id\":\"https:\\\/\\\/schneckenweine.at\\\/#website\"},\"datePublished\":\"2022-05-02T14:38:43+00:00\",\"dateModified\":\"2023-02-23T12:56:36+00:00\",\"description\":\"Unsere Website verwendet Cookies.\",\"breadcrumb\":{\"@id\":\"https:\\\/\\\/schneckenweine.at\\\/?page_id=120#breadcrumb\"},\"inLanguage\":\"de\",\"potentialAction\":[{\"@type\":\"ReadAction\",\"target\":[\"https:\\\/\\\/schneckenweine.at\\\/?page_id=120\"]}]},{\"@type\":\"BreadcrumbList\",\"@id\":\"https:\\\/\\\/schneckenweine.at\\\/?page_id=120#breadcrumb\",\"itemListElement\":[{\"@type\":\"ListItem\",\"position\":1,\"name\":\"Startseite\",\"item\":\"https:\\\/\\\/schneckenweine.at\\\/\"},{\"@type\":\"ListItem\",\"position\":2,\"name\":\"Startseite\",\"item\":\"https:\\\/\\\/schneckenweine.at\\\/\"},{\"@type\":\"ListItem\",\"position\":3,\"name\":\"Datenschutz\"}]},{\"@type\":\"WebSite\",\"@id\":\"https:\\\/\\\/schneckenweine.at\\\/#website\",\"url\":\"https:\\\/\\\/schneckenweine.at\\\/\",\"name\":\"Schneckenweine\",\"description\":\"Franziskas junge Weinvielfalt\",\"potentialAction\":[{\"@type\":\"SearchAction\",\"target\":{\"@type\":\"EntryPoint\",\"urlTemplate\":\"https:\\\/\\\/schneckenweine.at\\\/?s={search_term_string}\"},\"query-input\":{\"@type\":\"PropertyValueSpecification\",\"valueRequired\":true,\"valueName\":\"search_term_string\"}}],\"inLanguage\":\"de\"}]}<\/script>\n<!-- \/ Yoast SEO plugin. -->","yoast_head_json":{"title":"Datenschutz - Schneckenweine","description":"Unsere Website verwendet Cookies.","robots":{"index":"index","follow":"follow","max-snippet":"max-snippet:-1","max-image-preview":"max-image-preview:large","max-video-preview":"max-video-preview:-1"},"canonical":"https:\/\/schneckenweine.at\/?page_id=120","og_locale":"de_DE","og_type":"article","og_title":"Datenschutz - Schneckenweine","og_description":"Unsere Website verwendet Cookies.","og_url":"https:\/\/schneckenweine.at\/?page_id=120","og_site_name":"Schneckenweine","article_modified_time":"2023-02-23T12:56:36+00:00","twitter_card":"summary_large_image","twitter_misc":{"Gesch\u00e4tzte Lesezeit":"2\u00a0Minuten"},"schema":{"@context":"https:\/\/schema.org","@graph":[{"@type":"WebPage","@id":"https:\/\/schneckenweine.at\/?page_id=120","url":"https:\/\/schneckenweine.at\/?page_id=120","name":"Datenschutz - Schneckenweine","isPartOf":{"@id":"https:\/\/schneckenweine.at\/#website"},"datePublished":"2022-05-02T14:38:43+00:00","dateModified":"2023-02-23T12:56:36+00:00","description":"Unsere Website verwendet Cookies.","breadcrumb":{"@id":"https:\/\/schneckenweine.at\/?page_id=120#breadcrumb"},"inLanguage":"de","potentialAction":[{"@type":"ReadAction","target":["https:\/\/schneckenweine.at\/?page_id=120"]}]},{"@type":"BreadcrumbList","@id":"https:\/\/schneckenweine.at\/?page_id=120#breadcrumb","itemListElement":[{"@type":"ListItem","position":1,"name":"Startseite","item":"https:\/\/schneckenweine.at\/"},{"@type":"ListItem","position":2,"name":"Startseite","item":"https:\/\/schneckenweine.at\/"},{"@type":"ListItem","position":3,"name":"Datenschutz"}]},{"@type":"WebSite","@id":"https:\/\/schneckenweine.at\/#website","url":"https:\/\/schneckenweine.at\/","name":"Schneckenweine","description":"Franziskas junge Weinvielfalt","potentialAction":[{"@type":"SearchAction","target":{"@type":"EntryPoint","urlTemplate":"https:\/\/schneckenweine.at\/?s={search_term_string}"},"query-input":{"@type":"PropertyValueSpecification","valueRequired":true,"valueName":"search_term_string"}}],"inLanguage":"de"}]}},"_links":{"self":[{"href":"https:\/\/schneckenweine.at\/index.php?rest_route=\/wp\/v2\/pages\/120","targetHints":{"allow":["GET"]}}],"collection":[{"href":"https:\/\/schneckenweine.at\/index.php?rest_route=\/wp\/v2\/pages"}],"about":[{"href":"https:\/\/schneckenweine.at\/index.php?rest_route=\/wp\/v2\/types\/page"}],"author":[{"embeddable":true,"href":"https:\/\/schneckenweine.at\/index.php?rest_route=\/wp\/v2\/users\/2"}],"replies":[{"embeddable":true,"href":"https:\/\/schneckenweine.at\/index.php?rest_route=%2Fwp%2Fv2%2Fcomments&post=120"}],"version-history":[{"count":37,"href":"https:\/\/schneckenweine.at\/index.php?rest_route=\/wp\/v2\/pages\/120\/revisions"}],"predecessor-version":[{"id":731,"href":"https:\/\/schneckenweine.at\/index.php?rest_route=\/wp\/v2\/pages\/120\/revisions\/731"}],"up":[{"embeddable":true,"href":"https:\/\/schneckenweine.at\/index.php?rest_route=\/wp\/v2\/pages\/25"}],"wp:attachment":[{"href":"https:\/\/schneckenweine.at\/index.php?rest_route=%2Fwp%2Fv2%2Fmedia&parent=120"}],"curies":[{"name":"wp","href":"https:\/\/api.w.org\/{rel}","templated":true}]}}